{"id":3915,"date":"2026-05-04T10:44:22","date_gmt":"2026-05-04T10:44:22","guid":{"rendered":"https:\/\/eduqa.pt\/?page_id=3915"},"modified":"2026-05-04T15:07:43","modified_gmt":"2026-05-04T15:07:43","slug":"logotipos","status":"publish","type":"page","link":"https:\/\/eduqa.pt\/en\/logotipos\/","title":{"rendered":"Logos"},"content":{"rendered":"<section id=\"block_b1b62694e09bbdfd2fe3b0a10ce273d1\" class=\"content-block b-image-text --bg-white --img-left\">\n\n\t\t\t<div class=\"container\">\n\t\t\t\t\t\t\t\t<div class=\"info\">\n\t\t\t\t\t\t\t\t\t\t\t\t\t\t\t\t<h2 class=\"title\">Logos<\/h2>\t\t\t\t\t\t\t\t\t\t\t\t\t\t\t\t<div class=\"c-description\"><p><strong>Versions available in JPEG format.<\/strong><\/p>\n<p><a id=\"https:\/\/eduqa.pt\/wp-content\/uploads\/2026\/05\/Logo-EduQA_rgb_versao-principal-branco.jpg\" href=\"https:\/\/eduqa.pt\/wp-content\/uploads\/2026\/05\/Logo-EduQA_rgb_versao-principal-branco.jpg\" target=\"_blank\" rel=\"noreferrer noopener\">EduQA logo_rgb_main version white<\/a><br \/>\n<a id=\"https:\/\/eduqa.pt\/wp-content\/uploads\/2026\/05\/Logo-EduQA_rgb_versao-principal-cores-A.jpg\" href=\"https:\/\/eduqa.pt\/wp-content\/uploads\/2026\/05\/Logo-EduQA_rgb_versao-principal-cores-A.jpg\" target=\"_blank\" rel=\"noreferrer noopener\">Logo EduQA_rgb_main version colors A<\/a><br \/>\n<a id=\"https:\/\/eduqa.pt\/wp-content\/uploads\/2026\/05\/Logo-EduQA_rgb_versao-principal-cores-B.jpg\" href=\"https:\/\/eduqa.pt\/wp-content\/uploads\/2026\/05\/Logo-EduQA_rgb_versao-principal-cores-B.jpg\" target=\"_blank\" rel=\"noreferrer noopener\">Logo EduQA_rgb_main version colors B<\/a><br \/>\n<a id=\"https:\/\/eduqa.pt\/wp-content\/uploads\/2026\/05\/Logo-EduQA_rgb_versao-principal-monocromatica.jpg\" href=\"https:\/\/eduqa.pt\/wp-content\/uploads\/2026\/05\/Logo-EduQA_rgb_versao-principal-monocromatica.jpg\" target=\"_blank\" rel=\"noreferrer noopener\">Logo EduQA_rgb_main monochrome version<\/a><br \/>\n<a id=\"https:\/\/eduqa.pt\/wp-content\/uploads\/2026\/05\/Logo-EduQA_rgb_versao-principal-preto.jpg\" href=\"https:\/\/eduqa.pt\/wp-content\/uploads\/2026\/05\/Logo-EduQA_rgb_versao-principal-preto.jpg\" target=\"_blank\" rel=\"noreferrer noopener\">EduQA logo_rgb_main version black<\/a><\/p>\n<p><strong>Versions available in PNG format.<\/strong><\/p>\n<p><a id=\"https:\/\/eduqa.pt\/wp-content\/uploads\/2026\/05\/Logo-EduQA_rgb_versao-principal-branco.png\" href=\"https:\/\/eduqa.pt\/wp-content\/uploads\/2026\/05\/Logo-EduQA_rgb_versao-principal-branco.png\" target=\"_blank\" rel=\"noreferrer noopener\">EduQA logo_rgb_main version white<\/a><br \/>\n<a id=\"https:\/\/eduqa.pt\/wp-content\/uploads\/2026\/05\/Logo-EduQA_rgb_versao-principal-cores-A.png\" href=\"https:\/\/eduqa.pt\/wp-content\/uploads\/2026\/05\/Logo-EduQA_rgb_versao-principal-cores-A.png\" target=\"_blank\" rel=\"noreferrer noopener\">Logo EduQA_rgb_main version colors A<\/a><br \/>\n<a id=\"https:\/\/eduqa.pt\/wp-content\/uploads\/2026\/05\/Logo-EduQA_rgb_versao-principal-cores-B.png\" href=\"https:\/\/eduqa.pt\/wp-content\/uploads\/2026\/05\/Logo-EduQA_rgb_versao-principal-cores-B.png\" target=\"_blank\" rel=\"noreferrer noopener\">Logo EduQA_rgb_main version colors B<\/a><br \/>\n<a id=\"https:\/\/eduqa.pt\/wp-content\/uploads\/2026\/05\/Logo-EduQA_rgb_versao-principal-monocromatica.png\" href=\"https:\/\/eduqa.pt\/wp-content\/uploads\/2026\/05\/Logo-EduQA_rgb_versao-principal-monocromatica.png\" target=\"_blank\" rel=\"noreferrer noopener\">Logo EduQA_rgb_main monochrome version<\/a><br \/>\n<a id=\"https:\/\/eduqa.pt\/wp-content\/uploads\/2026\/05\/Logo-EduQA_rgb_versao-principal-preto.png\" href=\"https:\/\/eduqa.pt\/wp-content\/uploads\/2026\/05\/Logo-EduQA_rgb_versao-principal-preto.png\" target=\"_blank\" rel=\"noreferrer noopener\">EduQA logo_rgb_main version black<\/a><\/p>\n<p><strong>Versions available in SVG format.<\/strong><\/p>\n<p><a id=\"https:\/\/eduqa.pt\/wp-content\/uploads\/2026\/05\/Logo-EduQA_rgb_versao-principal-branco.svg\" href=\"https:\/\/eduqa.pt\/wp-content\/uploads\/2026\/05\/Logo-EduQA_rgb_versao-principal-branco.svg\" target=\"_blank\" rel=\"noreferrer noopener\">EduQA logo_rgb_main version white<\/a><br \/>\n<a id=\"https:\/\/eduqa.pt\/wp-content\/uploads\/2026\/05\/Logo-EduQA_rgb_versao-principal-cores-A.svg\" href=\"https:\/\/eduqa.pt\/wp-content\/uploads\/2026\/05\/Logo-EduQA_rgb_versao-principal-cores-A.svg\" target=\"_blank\" rel=\"noreferrer noopener\">Logo EduQA_rgb_main version colors A<\/a><br \/>\n<a id=\"https:\/\/eduqa.pt\/wp-content\/uploads\/2026\/05\/Logo-EduQA_rgb_versao-principal-cores-B.svg\" href=\"https:\/\/eduqa.pt\/wp-content\/uploads\/2026\/05\/Logo-EduQA_rgb_versao-principal-cores-B.svg\" target=\"_blank\" rel=\"noreferrer noopener\">Logo EduQA_rgb_main version colors B<\/a><br \/>\n<a id=\"https:\/\/eduqa.pt\/wp-content\/uploads\/2026\/05\/Logo-EduQA_rgb_versao-principal-monocromatica.svg\" href=\"https:\/\/eduqa.pt\/wp-content\/uploads\/2026\/05\/Logo-EduQA_rgb_versao-principal-monocromatica.svg\" target=\"_blank\" rel=\"noreferrer noopener\">Logo EduQA_rgb_main monochrome version<\/a><br \/>\n<a id=\"https:\/\/eduqa.pt\/wp-content\/uploads\/2026\/05\/Logo-EduQA_rgb_versao-principal-preto.svg\" href=\"https:\/\/eduqa.pt\/wp-content\/uploads\/2026\/05\/Logo-EduQA_rgb_versao-principal-preto.svg\">EduQA logo_rgb_main version black<\/a><\/p>\n<\/div>\n\t\t\t\t\t\t\t\t\t\t\t\t\t\t<\/div>\n\t\t\t<\/div>\n\n\t\t<\/section>","protected":false},"excerpt":{"rendered":"","protected":false},"author":12,"featured_media":0,"parent":0,"menu_order":0,"comment_status":"closed","ping_status":"closed","template":"","meta":{"_acf_changed":false,"footnotes":""},"class_list":["post-3915","page","type-page","status-publish","hentry"],"acf":[],"yoast_head":"<!-- This site is optimized with the Yoast SEO plugin v27.5 - https:\/\/yoast.com\/product\/yoast-seo-wordpress\/ -->\n<title>Log\u00f3tipos - EduQA<\/title>\n<meta name=\"robots\" content=\"index, follow, max-snippet:-1, max-image-preview:large, max-video-preview:-1\" \/>\n<link rel=\"canonical\" href=\"https:\/\/eduqa.pt\/en\/logotipos\/\" \/>\n<meta property=\"og:locale\" content=\"en_GB\" \/>\n<meta property=\"og:type\" content=\"article\" \/>\n<meta property=\"og:title\" content=\"Log\u00f3tipos - EduQA\" \/>\n<meta property=\"og:url\" content=\"https:\/\/eduqa.pt\/en\/logotipos\/\" \/>\n<meta property=\"og:site_name\" content=\"EduQA\" \/>\n<meta property=\"article:modified_time\" content=\"2026-05-04T15:07:43+00:00\" \/>\n<meta name=\"twitter:card\" content=\"summary_large_image\" \/>\n<script type=\"application\/ld+json\" class=\"yoast-schema-graph\">{\"@context\":\"https:\\\/\\\/schema.org\",\"@graph\":[{\"@type\":\"WebPage\",\"@id\":\"https:\\\/\\\/eduqa.pt\\\/logotipos\\\/\",\"url\":\"https:\\\/\\\/eduqa.pt\\\/logotipos\\\/\",\"name\":\"Log\u00f3tipos - EduQA\",\"isPartOf\":{\"@id\":\"https:\\\/\\\/dev.eduqa.pt\\\/#website\"},\"datePublished\":\"2026-05-04T10:44:22+00:00\",\"dateModified\":\"2026-05-04T15:07:43+00:00\",\"breadcrumb\":{\"@id\":\"https:\\\/\\\/eduqa.pt\\\/logotipos\\\/#breadcrumb\"},\"inLanguage\":\"en-GB\",\"potentialAction\":[{\"@type\":\"ReadAction\",\"target\":[\"https:\\\/\\\/eduqa.pt\\\/logotipos\\\/\"]}]},{\"@type\":\"BreadcrumbList\",\"@id\":\"https:\\\/\\\/eduqa.pt\\\/logotipos\\\/#breadcrumb\",\"itemListElement\":[{\"@type\":\"ListItem\",\"position\":1,\"name\":\"Home\",\"item\":\"https:\\\/\\\/eduqa.pt\\\/\"},{\"@type\":\"ListItem\",\"position\":2,\"name\":\"Log\u00f3tipos\"}]},{\"@type\":\"WebSite\",\"@id\":\"https:\\\/\\\/dev.eduqa.pt\\\/#website\",\"url\":\"https:\\\/\\\/dev.eduqa.pt\\\/\",\"name\":\"EduQA\",\"description\":\"Instituto de Educa\u00e7\u00e3o, Qualidade e Avalia\u00e7\u00e3o\",\"potentialAction\":[{\"@type\":\"SearchAction\",\"target\":{\"@type\":\"EntryPoint\",\"urlTemplate\":\"https:\\\/\\\/dev.eduqa.pt\\\/?s={search_term_string}\"},\"query-input\":{\"@type\":\"PropertyValueSpecification\",\"valueRequired\":true,\"valueName\":\"search_term_string\"}}],\"inLanguage\":\"en-GB\"}]}<\/script>\n<!-- \/ Yoast SEO plugin. -->","yoast_head_json":{"title":"Log\u00f3tipos - EduQA","robots":{"index":"index","follow":"follow","max-snippet":"max-snippet:-1","max-image-preview":"max-image-preview:large","max-video-preview":"max-video-preview:-1"},"canonical":"https:\/\/eduqa.pt\/en\/logotipos\/","og_locale":"en_GB","og_type":"article","og_title":"Log\u00f3tipos - EduQA","og_url":"https:\/\/eduqa.pt\/en\/logotipos\/","og_site_name":"EduQA","article_modified_time":"2026-05-04T15:07:43+00:00","twitter_card":"summary_large_image","schema":{"@context":"https:\/\/schema.org","@graph":[{"@type":"WebPage","@id":"https:\/\/eduqa.pt\/logotipos\/","url":"https:\/\/eduqa.pt\/logotipos\/","name":"Log\u00f3tipos - EduQA","isPartOf":{"@id":"https:\/\/dev.eduqa.pt\/#website"},"datePublished":"2026-05-04T10:44:22+00:00","dateModified":"2026-05-04T15:07:43+00:00","breadcrumb":{"@id":"https:\/\/eduqa.pt\/logotipos\/#breadcrumb"},"inLanguage":"en-GB","potentialAction":[{"@type":"ReadAction","target":["https:\/\/eduqa.pt\/logotipos\/"]}]},{"@type":"BreadcrumbList","@id":"https:\/\/eduqa.pt\/logotipos\/#breadcrumb","itemListElement":[{"@type":"ListItem","position":1,"name":"Home","item":"https:\/\/eduqa.pt\/"},{"@type":"ListItem","position":2,"name":"Log\u00f3tipos"}]},{"@type":"WebSite","@id":"https:\/\/dev.eduqa.pt\/#website","url":"https:\/\/dev.eduqa.pt\/","name":"EduQA","description":"Institute of Education, Quality and Evaluation","potentialAction":[{"@type":"SearchAction","target":{"@type":"EntryPoint","urlTemplate":"https:\/\/dev.eduqa.pt\/?s={search_term_string}"},"query-input":{"@type":"PropertyValueSpecification","valueRequired":true,"valueName":"search_term_string"}}],"inLanguage":"en-GB"}]}},"_links":{"self":[{"href":"https:\/\/eduqa.pt\/en\/wp-json\/wp\/v2\/pages\/3915","targetHints":{"allow":["GET"]}}],"collection":[{"href":"https:\/\/eduqa.pt\/en\/wp-json\/wp\/v2\/pages"}],"about":[{"href":"https:\/\/eduqa.pt\/en\/wp-json\/wp\/v2\/types\/page"}],"author":[{"embeddable":true,"href":"https:\/\/eduqa.pt\/en\/wp-json\/wp\/v2\/users\/12"}],"replies":[{"embeddable":true,"href":"https:\/\/eduqa.pt\/en\/wp-json\/wp\/v2\/comments?post=3915"}],"version-history":[{"count":18,"href":"https:\/\/eduqa.pt\/en\/wp-json\/wp\/v2\/pages\/3915\/revisions"}],"predecessor-version":[{"id":3967,"href":"https:\/\/eduqa.pt\/en\/wp-json\/wp\/v2\/pages\/3915\/revisions\/3967"}],"wp:attachment":[{"href":"https:\/\/eduqa.pt\/en\/wp-json\/wp\/v2\/media?parent=3915"}],"curies":[{"name":"wp","href":"https:\/\/api.w.org\/{rel}","templated":true}]}}