{"id":3241,"date":"2026-02-24T17:47:12","date_gmt":"2026-02-24T17:47:12","guid":{"rendered":"https:\/\/eduqa.pt\/?page_id=3241"},"modified":"2026-04-23T15:59:24","modified_gmt":"2026-04-23T15:59:24","slug":"ligacoes-uteis","status":"publish","type":"page","link":"https:\/\/eduqa.pt\/en\/ligacoes-uteis\/","title":{"rendered":"Useful links"},"content":{"rendered":"<section id=\"block_2bb0339bb9553598123ce8736bf77650\" class=\"content-block b-text --bg-white --width-normal\">\n\n\t\t\t<div class=\"c-section-intro --align-left\">\n\t<div class=\"container\">\n\t\t\t\t\t\t\t<h1 class=\"headline-1\">Useful links<\/h1>\t\t\t\t\t\t\t<div class=\"text c-description\"><p>This page contains links to platforms, resources, and channels relevant to the responsibilities of EduQA, IP.<\/p>\n<\/div>\t<\/div>\n<\/div>\n\n\t\t\t<div class=\"container\">\n\t\t\t\t\t\t\t\t\t\t\t\t\t\t\t\t\t<div class=\"c-wysiwyg\"><h2>Educational platforms and resources<\/h2>\n<ul role=\"list\">\n<li><a href=\"https:\/\/estudoautonomo.dge.mec.pt\/\" target=\"_blank\" rel=\"noopener\">Independent Study<\/a><\/li>\n<li><a href=\"https:\/\/pnc.gov.pt\/\" target=\"_blank\" rel=\"noopener\">National Film Plan<\/a><\/li>\n<li><a href=\"https:\/\/www.rbe.mec.pt\/np4\/recursos\" target=\"_blank\" rel=\"noopener\">Resources of the School Library Network<\/a><\/li>\n<li><a href=\"https:\/\/www.pnl2027.gov.pt\/np4\/recursos\" target=\"_blank\" rel=\"noopener\">Resources from the National Reading Plan<\/a><\/li>\n<li><a href=\"https:\/\/formacao.dge.min-educ.pt\" target=\"_blank\" rel=\"noopener\">Training Management Portal (DGE)<\/a><\/li>\n<li><a href=\"https:\/\/catalogo.snq.gov.pt\/\" target=\"_blank\" rel=\"noopener\">National Qualifications Catalogue<\/a><\/li>\n<\/ul>\n<h2>Systems and services<\/h2>\n<ul role=\"list\">\n<li><a href=\"https:\/\/www.nau.edu.pt\/pt\/\" target=\"_blank\" rel=\"noopener\">NAU \u2013 Always Learning<\/a><\/li>\n<li><a href=\"https:\/\/area.dge.mec.pt\/sime\" target=\"_blank\" rel=\"noopener\">SIME \u2013 School Textbook Information System<\/a><\/li>\n<\/ul>\n<h2>Official channels (YouTube)<\/h2>\n<ul role=\"list\">\n<li><a href=\"https:\/\/www.youtube.com\/@AnqepIp\" target=\"_blank\" rel=\"noopener\">ANQEP<\/a><\/li>\n<li><a href=\"https:\/\/www.youtube.com\/@dgeme17\" target=\"_blank\" rel=\"noopener\">DGE<\/a><\/li>\n<li><a href=\"https:\/\/www.youtube.com\/@iaveip\" target=\"_blank\" rel=\"noopener\">IAVE<\/a><\/li>\n<li><a href=\"https:\/\/www.youtube.com\/@planonacionaldecinema\" target=\"_blank\" rel=\"noopener\">National Film Plan<\/a><\/li>\n<li><a href=\"https:\/\/www.youtube.com\/@PlanoNacionaldeLeitura2027\" target=\"_blank\" rel=\"noopener\">National Reading Plan<\/a><\/li>\n<li><a href=\"https:\/\/www.youtube.com\/@blogrbe\" target=\"_blank\" rel=\"noopener\">School Library Network<\/a><\/li>\n<\/ul>\n<h2>Projects<\/h2>\n<ul role=\"list\">\n<li><a href=\"https:\/\/iave.pt\/gps-2\/\" target=\"_blank\" rel=\"noopener\">PAR Project<\/a><\/li>\n<\/ul>\n<h2>Connections in transition<\/h2>\n<p>Some of these links belong to entities whose responsibilities are transferred to EduQA, IP and remain available during the transition period.<\/p>\n<\/div>\n\t\t\t\t\t\t\t\t\t\t\t<\/div>\n\n\t\t<\/section>","protected":false},"excerpt":{"rendered":"","protected":false},"author":3,"featured_media":0,"parent":0,"menu_order":0,"comment_status":"closed","ping_status":"closed","template":"","meta":{"_acf_changed":false,"footnotes":""},"class_list":["post-3241","page","type-page","status-publish","hentry"],"acf":[],"yoast_head":"<!-- This site is optimized with the Yoast SEO plugin v27.5 - https:\/\/yoast.com\/product\/yoast-seo-wordpress\/ -->\n<title>Liga\u00e7\u00f5es \u00fateis - EduQA<\/title>\n<meta name=\"robots\" content=\"index, follow, max-snippet:-1, max-image-preview:large, max-video-preview:-1\" \/>\n<link rel=\"canonical\" href=\"https:\/\/eduqa.pt\/en\/ligacoes-uteis\/\" \/>\n<meta property=\"og:locale\" content=\"en_GB\" \/>\n<meta property=\"og:type\" content=\"article\" \/>\n<meta property=\"og:title\" content=\"Liga\u00e7\u00f5es \u00fateis - EduQA\" \/>\n<meta property=\"og:url\" content=\"https:\/\/eduqa.pt\/en\/ligacoes-uteis\/\" \/>\n<meta property=\"og:site_name\" content=\"EduQA\" \/>\n<meta property=\"article:modified_time\" content=\"2026-04-23T15:59:24+00:00\" \/>\n<meta name=\"twitter:card\" content=\"summary_large_image\" \/>\n<script type=\"application\/ld+json\" class=\"yoast-schema-graph\">{\"@context\":\"https:\\\/\\\/schema.org\",\"@graph\":[{\"@type\":\"WebPage\",\"@id\":\"https:\\\/\\\/eduqa.pt\\\/ligacoes-uteis\\\/\",\"url\":\"https:\\\/\\\/eduqa.pt\\\/ligacoes-uteis\\\/\",\"name\":\"Liga\u00e7\u00f5es \u00fateis - EduQA\",\"isPartOf\":{\"@id\":\"https:\\\/\\\/dev.eduqa.pt\\\/#website\"},\"datePublished\":\"2026-02-24T17:47:12+00:00\",\"dateModified\":\"2026-04-23T15:59:24+00:00\",\"breadcrumb\":{\"@id\":\"https:\\\/\\\/eduqa.pt\\\/ligacoes-uteis\\\/#breadcrumb\"},\"inLanguage\":\"en-GB\",\"potentialAction\":[{\"@type\":\"ReadAction\",\"target\":[\"https:\\\/\\\/eduqa.pt\\\/ligacoes-uteis\\\/\"]}]},{\"@type\":\"BreadcrumbList\",\"@id\":\"https:\\\/\\\/eduqa.pt\\\/ligacoes-uteis\\\/#breadcrumb\",\"itemListElement\":[{\"@type\":\"ListItem\",\"position\":1,\"name\":\"Home\",\"item\":\"https:\\\/\\\/eduqa.pt\\\/\"},{\"@type\":\"ListItem\",\"position\":2,\"name\":\"Liga\u00e7\u00f5es \u00fateis\"}]},{\"@type\":\"WebSite\",\"@id\":\"https:\\\/\\\/dev.eduqa.pt\\\/#website\",\"url\":\"https:\\\/\\\/dev.eduqa.pt\\\/\",\"name\":\"EduQA\",\"description\":\"Instituto de Educa\u00e7\u00e3o, Qualidade e Avalia\u00e7\u00e3o\",\"potentialAction\":[{\"@type\":\"SearchAction\",\"target\":{\"@type\":\"EntryPoint\",\"urlTemplate\":\"https:\\\/\\\/dev.eduqa.pt\\\/?s={search_term_string}\"},\"query-input\":{\"@type\":\"PropertyValueSpecification\",\"valueRequired\":true,\"valueName\":\"search_term_string\"}}],\"inLanguage\":\"en-GB\"}]}<\/script>\n<!-- \/ Yoast SEO plugin. -->","yoast_head_json":{"title":"Useful links - EduQA","robots":{"index":"index","follow":"follow","max-snippet":"max-snippet:-1","max-image-preview":"max-image-preview:large","max-video-preview":"max-video-preview:-1"},"canonical":"https:\/\/eduqa.pt\/en\/ligacoes-uteis\/","og_locale":"en_GB","og_type":"article","og_title":"Liga\u00e7\u00f5es \u00fateis - EduQA","og_url":"https:\/\/eduqa.pt\/en\/ligacoes-uteis\/","og_site_name":"EduQA","article_modified_time":"2026-04-23T15:59:24+00:00","twitter_card":"summary_large_image","schema":{"@context":"https:\/\/schema.org","@graph":[{"@type":"WebPage","@id":"https:\/\/eduqa.pt\/ligacoes-uteis\/","url":"https:\/\/eduqa.pt\/ligacoes-uteis\/","name":"Useful links - EduQA","isPartOf":{"@id":"https:\/\/dev.eduqa.pt\/#website"},"datePublished":"2026-02-24T17:47:12+00:00","dateModified":"2026-04-23T15:59:24+00:00","breadcrumb":{"@id":"https:\/\/eduqa.pt\/ligacoes-uteis\/#breadcrumb"},"inLanguage":"en-GB","potentialAction":[{"@type":"ReadAction","target":["https:\/\/eduqa.pt\/ligacoes-uteis\/"]}]},{"@type":"BreadcrumbList","@id":"https:\/\/eduqa.pt\/ligacoes-uteis\/#breadcrumb","itemListElement":[{"@type":"ListItem","position":1,"name":"Home","item":"https:\/\/eduqa.pt\/"},{"@type":"ListItem","position":2,"name":"Liga\u00e7\u00f5es \u00fateis"}]},{"@type":"WebSite","@id":"https:\/\/dev.eduqa.pt\/#website","url":"https:\/\/dev.eduqa.pt\/","name":"EduQA","description":"Institute of Education, Quality and Evaluation","potentialAction":[{"@type":"SearchAction","target":{"@type":"EntryPoint","urlTemplate":"https:\/\/dev.eduqa.pt\/?s={search_term_string}"},"query-input":{"@type":"PropertyValueSpecification","valueRequired":true,"valueName":"search_term_string"}}],"inLanguage":"en-GB"}]}},"_links":{"self":[{"href":"https:\/\/eduqa.pt\/en\/wp-json\/wp\/v2\/pages\/3241","targetHints":{"allow":["GET"]}}],"collection":[{"href":"https:\/\/eduqa.pt\/en\/wp-json\/wp\/v2\/pages"}],"about":[{"href":"https:\/\/eduqa.pt\/en\/wp-json\/wp\/v2\/types\/page"}],"author":[{"embeddable":true,"href":"https:\/\/eduqa.pt\/en\/wp-json\/wp\/v2\/users\/3"}],"replies":[{"embeddable":true,"href":"https:\/\/eduqa.pt\/en\/wp-json\/wp\/v2\/comments?post=3241"}],"version-history":[{"count":10,"href":"https:\/\/eduqa.pt\/en\/wp-json\/wp\/v2\/pages\/3241\/revisions"}],"predecessor-version":[{"id":3746,"href":"https:\/\/eduqa.pt\/en\/wp-json\/wp\/v2\/pages\/3241\/revisions\/3746"}],"wp:attachment":[{"href":"https:\/\/eduqa.pt\/en\/wp-json\/wp\/v2\/media?parent=3241"}],"curies":[{"name":"wp","href":"https:\/\/api.w.org\/{rel}","templated":true}]}}