{"id":18,"date":"2025-10-13T11:55:28","date_gmt":"2025-10-13T11:55:28","guid":{"rendered":"https:\/\/eduqa.pt\/?page_id=18"},"modified":"2026-04-15T21:04:58","modified_gmt":"2026-04-15T21:04:58","slug":"organismos-anteriores","status":"publish","type":"page","link":"https:\/\/eduqa.pt\/en\/organismos-anteriores\/","title":{"rendered":"Previous Organisms"},"content":{"rendered":"<section id=\"block_6f5dbe796441222e6aec0bf2099d2999\" class=\"content-block b-hero-slider\">\n\t\t\t\t\t\t\t<div class=\"swiper-container\">\n\t\t\t\t\t<ul class=\"swiper-wrapper\">\n\t\t\t\t\t\t\t\t\t\t\t\t\t\t\t\t\t\t\t\t<li class=\"swiper-slide --color-white\">\n\t\t\t\t\t\t\t\t<div class=\"media\">\n\t\t\t\t\t\t\t\t\t\t\t\t\t\t\t\t\t\t\t<div class=\"image\"><img loading=\"lazy\" decoding=\"async\" width=\"1440\" height=\"500\" src=\"https:\/\/eduqa.pt\/wp-content\/uploads\/2026\/02\/Hero_OA.jpg\" class=\"attachment-full size-full\" alt=\"Hero_OA\" srcset=\"https:\/\/eduqa.pt\/wp-content\/uploads\/2026\/02\/Hero_OA.jpg 1440w, https:\/\/eduqa.pt\/wp-content\/uploads\/2026\/02\/Hero_OA-300x104.jpg 300w, https:\/\/eduqa.pt\/wp-content\/uploads\/2026\/02\/Hero_OA-1024x356.jpg 1024w, https:\/\/eduqa.pt\/wp-content\/uploads\/2026\/02\/Hero_OA-768x267.jpg 768w, https:\/\/eduqa.pt\/wp-content\/uploads\/2026\/02\/Hero_OA-18x6.jpg 18w\" sizes=\"auto, (max-width: 1440px) 100vw, 1440px\" \/><\/div>\n\t\t\t\t\t\t\t\t\t\t\t\t\t\t\t\t\t<\/div>\n\t\t\t\t\t\t\t\t<div class=\"container\">\n\t\t\t\t\t\t\t\t\t<div class=\"info\">\n\t\t\t\t\t\t\t\t\t\t\t\t\t\t\t\t\t\t\t\t\t\t\t\t\t\t\t\t\t\t\t<h1 class=\"title\">Previous Organisms<\/h1>\t\t\t\t\t\t\t\t\t\t\t\t\t\t\t\t\t\t\t\t\t\t\t\t\t\t\t\t\t\t\t<div class=\"c-description\"><p>The responsibilities, in whole or in part, of the Institute for Educational Assessment, IP (IAVE), the Directorate-General for Education (DGE), the National Agency for Qualification and Vocational Education, IP (ANQEP), the Mission Structure of the National Reading Plan and the Coordinating Office of the School Libraries Network were integrated into the Institute for Education, Quality and Assessment, IP (EduQA, IP).<\/p>\n<p>The content available on the websites of the aforementioned entities remains in effect until the completion of their respective dissolution or integration processes.<\/p>\n<\/div>\n\t\t\t\t\t\t\t\t\t\t\t\t\t\t\t\t\t\t\t\t\t\t\t\t\t\t\t\t\t<\/div>\n\t\t\t\t\t\t\t\t<\/div>\n\n\t\t\t\t\t\t\t<\/li>\n\t\t\t\t\t\t\t\t\t\t\t<\/ul>\n\t\t\t\t<\/div>\n\t\t\t\t\t\t\t\n\t\t<\/section>\n\t\n\n\n\t\t\t\t<section id=\"block_78759b886c9c7deb73072c73b35c74c5\" class=\"content-block b-image-text --bg-gray --img-right\">\n\n\t\t\t<div class=\"container\">\n\t\t\t\t\t\t\t\t\t<div class=\"image\"><img loading=\"lazy\" decoding=\"async\" width=\"760\" height=\"504\" src=\"https:\/\/eduqa.pt\/wp-content\/uploads\/2026\/02\/IAVE-logo_Background.jpg\" class=\"attachment-full size-full\" alt=\"Logo do Instituto de avalia\u00e7\u00e3o Educativa\" srcset=\"https:\/\/eduqa.pt\/wp-content\/uploads\/2026\/02\/IAVE-logo_Background.jpg 760w, https:\/\/eduqa.pt\/wp-content\/uploads\/2026\/02\/IAVE-logo_Background-300x199.jpg 300w, https:\/\/eduqa.pt\/wp-content\/uploads\/2026\/02\/IAVE-logo_Background-18x12.jpg 18w\" sizes=\"auto, (max-width: 760px) 100vw, 760px\" \/><\/div>\n\t\t\t\t\t\t\t\t<div class=\"info\">\n\t\t\t\t\t\t\t\t\t\t\t<span class=\"caption\">IAVE<\/span>\n\t\t\t\t\t\t\t\t\t\t\t\t\t\t\t\t<h2 class=\"title\">Institute for Educational Assessment, IP (IAVE)<\/h2>\t\t\t\t\t\t\t\t\t\t\t\t\t\t\t\t<div class=\"c-description\"><p>The Institute for Educational Assessment, IP (IAVE) was the body responsible for the design, application and analysis of external learning assessments, including national tests and exams.<\/p>\n<\/div>\n\t\t\t\t\t\t\t\t\t\t\t\t\t\t\t\t<div class=\"btn-wrapper\">\n\t\t\t\t\t\t\t<a class=\"c-button --brand\" href=\"https:\/\/iave.pt\/\" target=\"_blank\">Access IAVE<\/a>\t\t\t\t\t\t\t\t\t\t\t\t\t<\/div>\n\t\t\t\t\t\t\t\t\t<\/div>\n\t\t\t<\/div>\n\n\t\t<\/section>\n\t\n\n\n\t\t\t\t<section id=\"block_f0d3218f1b67aa536bc3854958e552e3\" class=\"content-block b-image-text --bg-white --img-left\">\n\n\t\t\t<div class=\"container\">\n\t\t\t\t\t\t\t\t\t<div class=\"image\"><img loading=\"lazy\" decoding=\"async\" width=\"760\" height=\"504\" src=\"https:\/\/eduqa.pt\/wp-content\/uploads\/2026\/02\/DGE-logo_Background.jpg\" class=\"attachment-full size-full\" alt=\"Logo da Dire\u00e7\u00e3o-geral da Educa\u00e7\u00e3o\" srcset=\"https:\/\/eduqa.pt\/wp-content\/uploads\/2026\/02\/DGE-logo_Background.jpg 760w, https:\/\/eduqa.pt\/wp-content\/uploads\/2026\/02\/DGE-logo_Background-300x199.jpg 300w, https:\/\/eduqa.pt\/wp-content\/uploads\/2026\/02\/DGE-logo_Background-18x12.jpg 18w\" sizes=\"auto, (max-width: 760px) 100vw, 760px\" \/><\/div>\n\t\t\t\t\t\t\t\t<div class=\"info\">\n\t\t\t\t\t\t\t\t\t\t\t<span class=\"caption\">DGE<\/span>\n\t\t\t\t\t\t\t\t\t\t\t\t\t\t\t\t<h2 class=\"title\">Directorate-General for Education (DGE)<\/h2>\t\t\t\t\t\t\t\t\t\t\t\t\t\t\t\t<div class=\"c-description\"><p>The Directorate-General for Education (DGE) was the body responsible for curricular, pedagogical and didactic development, as well as for promoting educational innovation in the education system.<\/p>\n<\/div>\n\t\t\t\t\t\t\t\t\t\t\t\t\t\t\t\t<div class=\"btn-wrapper\">\n\t\t\t\t\t\t\t<a class=\"c-button --brand\" href=\"https:\/\/www.dge.mec.pt\/\" target=\"_blank\">Access DGE<\/a>\t\t\t\t\t\t\t\t\t\t\t\t\t<\/div>\n\t\t\t\t\t\t\t\t\t<\/div>\n\t\t\t<\/div>\n\n\t\t<\/section>\n\t\n\n\n\t\t\t\t<section id=\"block_bb665a6325b6e41ff648f7d6068aedbc\" class=\"content-block b-image-text --bg-gray --img-right\">\n\n\t\t\t<div class=\"container\">\n\t\t\t\t\t\t\t\t\t<div class=\"image\"><img loading=\"lazy\" decoding=\"async\" width=\"760\" height=\"504\" src=\"https:\/\/eduqa.pt\/wp-content\/uploads\/2026\/02\/ANQEP-logo_Background.jpg\" class=\"attachment-full size-full\" alt=\"Logo da Ag\u00eancia Nacional para a qualifica\u00e7\u00e3o e o Ensino Profissional\" srcset=\"https:\/\/eduqa.pt\/wp-content\/uploads\/2026\/02\/ANQEP-logo_Background.jpg 760w, https:\/\/eduqa.pt\/wp-content\/uploads\/2026\/02\/ANQEP-logo_Background-300x199.jpg 300w, https:\/\/eduqa.pt\/wp-content\/uploads\/2026\/02\/ANQEP-logo_Background-18x12.jpg 18w\" sizes=\"auto, (max-width: 760px) 100vw, 760px\" \/><\/div>\n\t\t\t\t\t\t\t\t<div class=\"info\">\n\t\t\t\t\t\t\t\t\t\t\t<span class=\"caption\">ANQEP<\/span>\n\t\t\t\t\t\t\t\t\t\t\t\t\t\t\t\t<h2 class=\"title\">National Agency for Qualification and Vocational Education, IP (ANQEP)<\/h2>\t\t\t\t\t\t\t\t\t\t\t\t\t\t\t\t<div class=\"c-description\"><p>The body responsible for coordinating the implementation of education and vocational training policies for young people and adults, for the management and development of the National Qualifications System, including the design and updating of the National Qualifications Catalogue, as well as for the regulation and coordination of the Recognition, Validation and Certification of Competencies system.<\/p>\n<\/div>\n\t\t\t\t\t\t\t\t\t\t\t\t\t\t\t\t<div class=\"btn-wrapper\">\n\t\t\t\t\t\t\t<a class=\"c-button --brand\" href=\"https:\/\/anqep.gov.pt\/np4\/home\" target=\"_self\">Access ANQEP<\/a>\t\t\t\t\t\t\t\t\t\t\t\t\t<\/div>\n\t\t\t\t\t\t\t\t\t<\/div>\n\t\t\t<\/div>\n\n\t\t<\/section>\n\t\n\n\n\t\t\t\t<section id=\"block_58d1b13e75297d7ce2d05cf6e22dec86\" class=\"content-block b-image-text --bg-white --img-left\">\n\n\t\t\t<div class=\"container\">\n\t\t\t\t\t\t\t\t\t<div class=\"image\"><img loading=\"lazy\" decoding=\"async\" width=\"760\" height=\"504\" src=\"https:\/\/eduqa.pt\/wp-content\/uploads\/2026\/02\/PNL-logo_Background.jpg\" class=\"attachment-full size-full\" alt=\"Logo do Plano Nacional de Leitura\" srcset=\"https:\/\/eduqa.pt\/wp-content\/uploads\/2026\/02\/PNL-logo_Background.jpg 760w, https:\/\/eduqa.pt\/wp-content\/uploads\/2026\/02\/PNL-logo_Background-300x199.jpg 300w, https:\/\/eduqa.pt\/wp-content\/uploads\/2026\/02\/PNL-logo_Background-18x12.jpg 18w\" sizes=\"auto, (max-width: 760px) 100vw, 760px\" \/><\/div>\n\t\t\t\t\t\t\t\t<div class=\"info\">\n\t\t\t\t\t\t\t\t\t\t\t<span class=\"caption\">NLP<\/span>\n\t\t\t\t\t\t\t\t\t\t\t\t\t\t\t\t<h2 class=\"title\">Mission Structure of the National Reading Plan<\/h2>\t\t\t\t\t\t\t\t\t\t\t\t\t\t\t\t<div class=\"c-description\"><p>The Mission Structure of the National Reading Plan was responsible for coordinating public policies to promote reading and literacy.<\/p>\n<\/div>\n\t\t\t\t\t\t\t\t\t\t\t\t\t\t\t\t<div class=\"btn-wrapper\">\n\t\t\t\t\t\t\t<a class=\"c-button --brand\" href=\"https:\/\/pnl2027.gov.pt\/np4\/home\" target=\"_blank\">Access NLP<\/a>\t\t\t\t\t\t\t\t\t\t\t\t\t<\/div>\n\t\t\t\t\t\t\t\t\t<\/div>\n\t\t\t<\/div>\n\n\t\t<\/section>\n\t\n\n\n\t\t\t\t<section id=\"block_ab1629c079d35b84b85d57b0a99104ea\" class=\"content-block b-image-text --bg-gray --img-right\">\n\n\t\t\t<div class=\"container\">\n\t\t\t\t\t\t\t\t\t<div class=\"image\"><img loading=\"lazy\" decoding=\"async\" width=\"760\" height=\"504\" src=\"https:\/\/eduqa.pt\/wp-content\/uploads\/2026\/02\/RBE-logo_Background.jpg\" class=\"attachment-full size-full\" alt=\"Logo da Rede de bibliotecas escolares\" srcset=\"https:\/\/eduqa.pt\/wp-content\/uploads\/2026\/02\/RBE-logo_Background.jpg 760w, https:\/\/eduqa.pt\/wp-content\/uploads\/2026\/02\/RBE-logo_Background-300x199.jpg 300w, https:\/\/eduqa.pt\/wp-content\/uploads\/2026\/02\/RBE-logo_Background-18x12.jpg 18w\" sizes=\"auto, (max-width: 760px) 100vw, 760px\" \/><\/div>\n\t\t\t\t\t\t\t\t<div class=\"info\">\n\t\t\t\t\t\t\t\t\t\t\t<span class=\"caption\">RBE<\/span>\n\t\t\t\t\t\t\t\t\t\t\t\t\t\t\t\t<h2 class=\"title\">Coordinating Office of the School Library Network (RBE)<\/h2>\t\t\t\t\t\t\t\t\t\t\t\t\t\t\t\t<div class=\"c-description\"><p>The Coordinating Office of the School Library Network was responsible for coordinating and supporting the School Library Network.<\/p>\n<\/div>\n\t\t\t\t\t\t\t\t\t\t\t\t\t\t\t\t<div class=\"btn-wrapper\">\n\t\t\t\t\t\t\t<a class=\"c-button --brand\" href=\"https:\/\/www.rbe.mec.pt\/np4\/home.html\" target=\"_blank\">Access RBE<\/a>\t\t\t\t\t\t\t\t\t\t\t\t\t<\/div>\n\t\t\t\t\t\t\t\t\t<\/div>\n\t\t\t<\/div>\n\n\t\t<\/section>","protected":false},"excerpt":{"rendered":"","protected":false},"author":2,"featured_media":0,"parent":0,"menu_order":0,"comment_status":"closed","ping_status":"closed","template":"","meta":{"_acf_changed":false,"footnotes":""},"class_list":["post-18","page","type-page","status-publish","hentry"],"acf":[],"yoast_head":"<!-- This site is optimized with the Yoast SEO plugin v27.5 - https:\/\/yoast.com\/product\/yoast-seo-wordpress\/ -->\n<title>Organismos Anteriores - EduQA<\/title>\n<meta name=\"robots\" content=\"index, follow, max-snippet:-1, max-image-preview:large, max-video-preview:-1\" \/>\n<link rel=\"canonical\" href=\"https:\/\/eduqa.pt\/en\/organismos-anteriores\/\" \/>\n<meta property=\"og:locale\" content=\"en_GB\" \/>\n<meta property=\"og:type\" content=\"article\" \/>\n<meta property=\"og:title\" content=\"Organismos Anteriores - EduQA\" \/>\n<meta property=\"og:url\" content=\"https:\/\/eduqa.pt\/en\/organismos-anteriores\/\" \/>\n<meta property=\"og:site_name\" content=\"EduQA\" \/>\n<meta property=\"article:modified_time\" content=\"2026-04-15T21:04:58+00:00\" \/>\n<meta name=\"twitter:card\" content=\"summary_large_image\" \/>\n<script type=\"application\/ld+json\" class=\"yoast-schema-graph\">{\"@context\":\"https:\\\/\\\/schema.org\",\"@graph\":[{\"@type\":\"WebPage\",\"@id\":\"https:\\\/\\\/eduqa.pt\\\/organismos-anteriores\\\/\",\"url\":\"https:\\\/\\\/eduqa.pt\\\/organismos-anteriores\\\/\",\"name\":\"Organismos Anteriores - EduQA\",\"isPartOf\":{\"@id\":\"https:\\\/\\\/dev.eduqa.pt\\\/#website\"},\"datePublished\":\"2025-10-13T11:55:28+00:00\",\"dateModified\":\"2026-04-15T21:04:58+00:00\",\"breadcrumb\":{\"@id\":\"https:\\\/\\\/eduqa.pt\\\/organismos-anteriores\\\/#breadcrumb\"},\"inLanguage\":\"en-GB\",\"potentialAction\":[{\"@type\":\"ReadAction\",\"target\":[\"https:\\\/\\\/eduqa.pt\\\/organismos-anteriores\\\/\"]}]},{\"@type\":\"BreadcrumbList\",\"@id\":\"https:\\\/\\\/eduqa.pt\\\/organismos-anteriores\\\/#breadcrumb\",\"itemListElement\":[{\"@type\":\"ListItem\",\"position\":1,\"name\":\"Home\",\"item\":\"https:\\\/\\\/eduqa.pt\\\/\"},{\"@type\":\"ListItem\",\"position\":2,\"name\":\"Organismos Anteriores\"}]},{\"@type\":\"WebSite\",\"@id\":\"https:\\\/\\\/dev.eduqa.pt\\\/#website\",\"url\":\"https:\\\/\\\/dev.eduqa.pt\\\/\",\"name\":\"EduQA\",\"description\":\"Instituto de Educa\u00e7\u00e3o, Qualidade e Avalia\u00e7\u00e3o\",\"potentialAction\":[{\"@type\":\"SearchAction\",\"target\":{\"@type\":\"EntryPoint\",\"urlTemplate\":\"https:\\\/\\\/dev.eduqa.pt\\\/?s={search_term_string}\"},\"query-input\":{\"@type\":\"PropertyValueSpecification\",\"valueRequired\":true,\"valueName\":\"search_term_string\"}}],\"inLanguage\":\"en-GB\"}]}<\/script>\n<!-- \/ Yoast SEO plugin. -->","yoast_head_json":{"title":"Previous Organisms - EduQA","robots":{"index":"index","follow":"follow","max-snippet":"max-snippet:-1","max-image-preview":"max-image-preview:large","max-video-preview":"max-video-preview:-1"},"canonical":"https:\/\/eduqa.pt\/en\/organismos-anteriores\/","og_locale":"en_GB","og_type":"article","og_title":"Organismos Anteriores - EduQA","og_url":"https:\/\/eduqa.pt\/en\/organismos-anteriores\/","og_site_name":"EduQA","article_modified_time":"2026-04-15T21:04:58+00:00","twitter_card":"summary_large_image","schema":{"@context":"https:\/\/schema.org","@graph":[{"@type":"WebPage","@id":"https:\/\/eduqa.pt\/organismos-anteriores\/","url":"https:\/\/eduqa.pt\/organismos-anteriores\/","name":"Previous Organisms - EduQA","isPartOf":{"@id":"https:\/\/dev.eduqa.pt\/#website"},"datePublished":"2025-10-13T11:55:28+00:00","dateModified":"2026-04-15T21:04:58+00:00","breadcrumb":{"@id":"https:\/\/eduqa.pt\/organismos-anteriores\/#breadcrumb"},"inLanguage":"en-GB","potentialAction":[{"@type":"ReadAction","target":["https:\/\/eduqa.pt\/organismos-anteriores\/"]}]},{"@type":"BreadcrumbList","@id":"https:\/\/eduqa.pt\/organismos-anteriores\/#breadcrumb","itemListElement":[{"@type":"ListItem","position":1,"name":"Home","item":"https:\/\/eduqa.pt\/"},{"@type":"ListItem","position":2,"name":"Organismos Anteriores"}]},{"@type":"WebSite","@id":"https:\/\/dev.eduqa.pt\/#website","url":"https:\/\/dev.eduqa.pt\/","name":"EduQA","description":"Institute of Education, Quality and Evaluation","potentialAction":[{"@type":"SearchAction","target":{"@type":"EntryPoint","urlTemplate":"https:\/\/dev.eduqa.pt\/?s={search_term_string}"},"query-input":{"@type":"PropertyValueSpecification","valueRequired":true,"valueName":"search_term_string"}}],"inLanguage":"en-GB"}]}},"_links":{"self":[{"href":"https:\/\/eduqa.pt\/en\/wp-json\/wp\/v2\/pages\/18","targetHints":{"allow":["GET"]}}],"collection":[{"href":"https:\/\/eduqa.pt\/en\/wp-json\/wp\/v2\/pages"}],"about":[{"href":"https:\/\/eduqa.pt\/en\/wp-json\/wp\/v2\/types\/page"}],"author":[{"embeddable":true,"href":"https:\/\/eduqa.pt\/en\/wp-json\/wp\/v2\/users\/2"}],"replies":[{"embeddable":true,"href":"https:\/\/eduqa.pt\/en\/wp-json\/wp\/v2\/comments?post=18"}],"version-history":[{"count":44,"href":"https:\/\/eduqa.pt\/en\/wp-json\/wp\/v2\/pages\/18\/revisions"}],"predecessor-version":[{"id":3673,"href":"https:\/\/eduqa.pt\/en\/wp-json\/wp\/v2\/pages\/18\/revisions\/3673"}],"wp:attachment":[{"href":"https:\/\/eduqa.pt\/en\/wp-json\/wp\/v2\/media?parent=18"}],"curies":[{"name":"wp","href":"https:\/\/api.w.org\/{rel}","templated":true}]}}