{"id":1367,"date":"2025-10-23T08:04:45","date_gmt":"2025-10-23T08:04:45","guid":{"rendered":"https:\/\/eduqa.pt\/?page_id=1367"},"modified":"2026-05-11T14:48:25","modified_gmt":"2026-05-11T14:48:25","slug":"homepage","status":"publish","type":"page","link":"https:\/\/eduqa.pt\/en\/","title":{"rendered":"Homepage"},"content":{"rendered":"\t\t\t\t<section id=block_e45b5fa5771e12fb68adf63ea71ae3c6 class=\"content-block b-hero-slider\">\n\t\t\t\t\t\t\t<div class=\"swiper-container\">\n\t\t\t\t\t<ul class=\"swiper-wrapper\">\n\t\t\t\t\t\t\t\t\t\t\t\t\t\t\t\t\t\t\t\t<li class=\"swiper-slide --color-white\">\n\t\t\t\t\t\t\t\t<div class=\"media\">\n\t\t\t\t\t\t\t\t\t\t\t\t\t\t\t\t\t\t\t<div class=\"image\"><img loading=\"lazy\" decoding=\"async\" width=\"1440\" height=\"500\" src=\"https:\/\/eduqa.pt\/wp-content\/uploads\/2026\/02\/Hero_HP.jpg\" class=\"attachment-full size-full\" alt=\"Hero_HP\" srcset=\"https:\/\/eduqa.pt\/wp-content\/uploads\/2026\/02\/Hero_HP.jpg 1440w, https:\/\/eduqa.pt\/wp-content\/uploads\/2026\/02\/Hero_HP-300x104.jpg 300w, https:\/\/eduqa.pt\/wp-content\/uploads\/2026\/02\/Hero_HP-1024x356.jpg 1024w, https:\/\/eduqa.pt\/wp-content\/uploads\/2026\/02\/Hero_HP-768x267.jpg 768w, https:\/\/eduqa.pt\/wp-content\/uploads\/2026\/02\/Hero_HP-18x6.jpg 18w\" sizes=\"auto, (max-width: 1440px) 100vw, 1440px\" \/><\/div>\n\t\t\t\t\t\t\t\t\t\t\t\t\t\t\t\t\t<\/div>\n\t\t\t\t\t\t\t\t<div class=\"container\">\n\t\t\t\t\t\t\t\t\t<div class=\"info\">\n\t\t\t\t\t\t\t\t\t\t\t\t\t\t\t\t\t\t\t\t\t\t\t\t\t\t\t\t\t\t\t<h2 class=\"title\">Qualidade da Educa\u00e7\u00e3o. Inova\u00e7\u00e3o no curr\u00edculo e na avalia\u00e7\u00e3o.<\/h2>\t\t\t\t\t\t\t\t\t\t\t\t\t\t\t\t\t\t\t\t\t\t\t\t\t\t\t\t\t\t\t<div class=\"c-description\"><p>O Instituto de Educa\u00e7\u00e3o, Qualidade e Avalia\u00e7\u00e3o, I.P. (EduQA, I.P.) \u00e9 o organismo p\u00fablico respons\u00e1vel pela implementa\u00e7\u00e3o das pol\u00edticas educativas nos dom\u00ednios do curr\u00edculo, da pedagogia e da did\u00e1tica, bem como pela gest\u00e3o independente da avalia\u00e7\u00e3o externa das aprendizagens, apoiando escolas e docentes na melhoria cont\u00ednua da qualidade do sistema educativo.<\/p>\n<\/div>\n\t\t\t\t\t\t\t\t\t\t\t\t\t\t\t\t\t\t\t\t\t\t\t\t\t\t\t\t\t\t\t<div class=\"btn-wrapper\">\n\t\t\t\t\t\t\t\t\t\t\t\t<a class=\"c-button --outlined --black\" href=\"https:\/\/eduqa.pt\/sobre\/\" target=\"_self\">Conhe\u00e7a o EduQA<\/a>\t\t\t\t\t\t\t\t\t\t\t<\/div>\n\t\t\t\t\t\t\t\t\t\t\t\t\t\t\t\t\t\t\t<\/div>\n\t\t\t\t\t\t\t\t<\/div>\n\n\t\t\t\t\t\t\t<\/li>\n\t\t\t\t\t\t\t\t\t\t\t<\/ul>\n\t\t\t\t<\/div>\n\t\t\t\t\t\t\t\n\t\t<\/section>\n\t\n\n\n\t\t\t\t<section id=block_c8432a115c659da8371b292f6ebe4352 class=\"content-block b-cards-section --bg-white --color-black --row-5-items --cards-image\">\n\n\t\t\t<div class=\"c-section-intro --align-center\">\n\t<div class=\"container\">\n\t\t\t\t\t\t\t<h2 class=\"headline-1\">Organismos Anteriores<\/h2>\t\t\t\t\t\t\t<div class=\"text c-description\"><p>Enquanto decorre a transi\u00e7\u00e3o, consulte aqui os sites:<\/p>\n<\/div>\t<\/div>\n<\/div>\n\n\t\t\t<div class=\"container\">\n\t\t\t\t\t\t\t\t\t\t\t\t\t\t\t\t\t\t\t\t\t\t\t\t\t\t<div class=\"cards-list --align-center\">\n\t\t\t\t\t\t\t\t\t\t\t\t\t\t\t<div id=\"originalText\" style=\"display: none;\">&lt;span data-no-translation&gt;IAVE, I.P.&lt;\/span&gt;<\/div>\t<div class=\"c-card-image --has-button\">\n\t\t\t\t\t<div class=\"image\"><img loading=\"lazy\" decoding=\"async\" width=\"1\" height=\"1\" src=\"https:\/\/eduqa.pt\/wp-content\/uploads\/2026\/02\/IAVE-logo.svg\" class=\"attachment-card-thumb size-card-thumb\" alt=\"Logo do Instituto de avalia\u00e7\u00e3o Educativa\" \/><\/div>\t\t<div class=\"info\">\n\t\t\t\t\t\t<h3 class=\"title\"><span>IAVE, I.P.<\/span><\/h3>\t\t\t\t\t\t\t\t\t\t<p class=\"aux-text\">Entidade respons\u00e1vel pela avalia\u00e7\u00e3o externa das aprendizagens, provas e exames nacionais.<\/p>\t\t\t\t\t\t\t\t\t\t\t<div class=\"btn-wrapper\">\n\t\t\t\t\t<a href=\"https:\/\/iave.pt\/\" target=\"_blank\" class=\"c-icon-button\" title=\"Ir para IAVE, I.P.\"><i class=\"icon-material\" aria-hidden=\"true\" data-icon=\"arrow_forward\"><\/i><\/a>\n\t\t\t\t<\/div>\n\t\t\t\t\t<\/div>\n\t<\/div>\n\t\t\t\t\t\t\t\t\t\t\t\t\t\t\t<div id=\"originalText\" style=\"display: none;\">&lt;span data-no-translation&gt;DGE&lt;\/span&gt;<\/div>\t<div class=\"c-card-image --has-button\">\n\t\t\t\t\t<div class=\"image\"><img loading=\"lazy\" decoding=\"async\" width=\"600\" height=\"396\" src=\"https:\/\/eduqa.pt\/wp-content\/uploads\/2026\/02\/DGE-logo-600x396.png\" class=\"attachment-card-thumb size-card-thumb\" alt=\"Logo da Dire\u00e7\u00e3o-geral da Educa\u00e7\u00e3o\" \/><\/div>\t\t<div class=\"info\">\n\t\t\t\t\t\t<h3 class=\"title\"><span>DGE<\/span><\/h3>\t\t\t\t\t\t\t\t\t\t<p class=\"aux-text\">Organismo respons\u00e1vel pelo desenvolvimento curricular, pedag\u00f3gico e pela inova\u00e7\u00e3o educativa.<\/p>\t\t\t\t\t\t\t\t\t\t\t<div class=\"btn-wrapper\">\n\t\t\t\t\t<a href=\"https:\/\/www.dge.mec.pt\/\" target=\"_blank\" class=\"c-icon-button\" title=\"Ir para DGE\"><i class=\"icon-material\" aria-hidden=\"true\" data-icon=\"arrow_forward\"><\/i><\/a>\n\t\t\t\t<\/div>\n\t\t\t\t\t<\/div>\n\t<\/div>\n\t\t\t\t\t\t\t\t\t\t\t\t\t\t\t<div id=\"originalText\" style=\"display: none;\">&lt;span data-no-translation&gt;ANQEP, I.P.&lt;\/span&gt;<\/div>\t<div class=\"c-card-image --has-button\">\n\t\t\t\t\t<div class=\"image\"><img loading=\"lazy\" decoding=\"async\" width=\"600\" height=\"396\" src=\"https:\/\/eduqa.pt\/wp-content\/uploads\/2026\/02\/ANQEP-logo-600x396.png\" class=\"attachment-card-thumb size-card-thumb\" alt=\"Logo da Ag\u00eancia Nacional para a qualifica\u00e7\u00e3o e o Ensino Profissional\" srcset=\"https:\/\/eduqa.pt\/wp-content\/uploads\/2026\/02\/ANQEP-logo-600x396.png 600w, https:\/\/eduqa.pt\/wp-content\/uploads\/2026\/02\/ANQEP-logo-300x199.png 300w, https:\/\/eduqa.pt\/wp-content\/uploads\/2026\/02\/ANQEP-logo-18x12.png 18w\" sizes=\"auto, (max-width: 600px) 100vw, 600px\" \/><\/div>\t\t<div class=\"info\">\n\t\t\t\t\t\t<h3 class=\"title\"><span>ANQEP, I.P.<\/span><\/h3>\t\t\t\t\t\t\t\t\t\t<p class=\"aux-text\">Entidade respons\u00e1vel pela qualifica\u00e7\u00e3o de jovens e adultos, no \u00e2mbito dos cursos de dupla certifica\u00e7\u00e3o.<\/p>\t\t\t\t\t\t\t\t\t\t\t<div class=\"btn-wrapper\">\n\t\t\t\t\t<a href=\"https:\/\/anqep.gov.pt\/np4\/home\" target=\"_blank\" class=\"c-icon-button\" title=\"Ir para ANQEP, I.P.\"><i class=\"icon-material\" aria-hidden=\"true\" data-icon=\"arrow_forward\"><\/i><\/a>\n\t\t\t\t<\/div>\n\t\t\t\t\t<\/div>\n\t<\/div>\n\t\t\t\t\t\t\t\t\t\t\t\t\t\t\t<div id=\"originalText\" style=\"display: none;\">&lt;span data-no-translation&gt;Estrutura de Miss\u00e3o do Plano Nacional de Leitura&lt;\/span&gt;<\/div>\t<div class=\"c-card-image --has-button\">\n\t\t\t\t\t<div class=\"image\"><img loading=\"lazy\" decoding=\"async\" width=\"600\" height=\"396\" src=\"https:\/\/eduqa.pt\/wp-content\/uploads\/2026\/02\/PNL-logo-600x396.png\" class=\"attachment-card-thumb size-card-thumb\" alt=\"Logo do Plano Nacional de Leitura\" srcset=\"https:\/\/eduqa.pt\/wp-content\/uploads\/2026\/02\/PNL-logo-600x396.png 600w, https:\/\/eduqa.pt\/wp-content\/uploads\/2026\/02\/PNL-logo-300x199.png 300w, https:\/\/eduqa.pt\/wp-content\/uploads\/2026\/02\/PNL-logo-18x12.png 18w\" sizes=\"auto, (max-width: 600px) 100vw, 600px\" \/><\/div>\t\t<div class=\"info\">\n\t\t\t\t\t\t<h3 class=\"title\"><span>Estrutura de Miss\u00e3o do Plano Nacional de Leitura<\/span><\/h3>\t\t\t\t\t\t\t\t\t\t<p class=\"aux-text\">Respons\u00e1vel pela coordena\u00e7\u00e3o das pol\u00edticas p\u00fablicas de promo\u00e7\u00e3o da leitura e das literacias.<\/p>\t\t\t\t\t\t\t\t\t\t\t<div class=\"btn-wrapper\">\n\t\t\t\t\t<a href=\"https:\/\/www.pnl2027.gov.pt\" target=\"_blank\" class=\"c-icon-button\" title=\"Ir para Estrutura de Miss\u00e3o do Plano Nacional de Leitura\"><i class=\"icon-material\" aria-hidden=\"true\" data-icon=\"arrow_forward\"><\/i><\/a>\n\t\t\t\t<\/div>\n\t\t\t\t\t<\/div>\n\t<\/div>\n\t\t\t\t\t\t\t\t\t\t\t\t\t\t\t<div id=\"originalText\" style=\"display: none;\">&lt;span data-no-translation&gt;Gabinete Coordenador da Rede de Bibliotecas Escolares&lt;\/span&gt;<\/div>\t<div class=\"c-card-image --has-button\">\n\t\t\t\t\t<div class=\"image\"><img loading=\"lazy\" decoding=\"async\" width=\"600\" height=\"396\" src=\"https:\/\/eduqa.pt\/wp-content\/uploads\/2026\/02\/RBE-logo-600x396.png\" class=\"attachment-card-thumb size-card-thumb\" alt=\"Logo da Rede de bibliotecas escolares\" srcset=\"https:\/\/eduqa.pt\/wp-content\/uploads\/2026\/02\/RBE-logo-600x396.png 600w, https:\/\/eduqa.pt\/wp-content\/uploads\/2026\/02\/RBE-logo-300x199.png 300w, https:\/\/eduqa.pt\/wp-content\/uploads\/2026\/02\/RBE-logo-18x12.png 18w\" sizes=\"auto, (max-width: 600px) 100vw, 600px\" \/><\/div>\t\t<div class=\"info\">\n\t\t\t\t\t\t<h3 class=\"title\"><span>Gabinete Coordenador da Rede de Bibliotecas Escolares<\/span><\/h3>\t\t\t\t\t\t\t\t\t\t<p class=\"aux-text\">Entidade respons\u00e1vel pela coordena\u00e7\u00e3o e apoio \u00e0 Rede de Bibliotecas Escolares.<\/p>\t\t\t\t\t\t\t\t\t\t\t<div class=\"btn-wrapper\">\n\t\t\t\t\t<a href=\"https:\/\/www.rbe.mec.pt\/np4\/home.html\" target=\"_blank\" class=\"c-icon-button\" title=\"Ir para Gabinete Coordenador da Rede de Bibliotecas Escolares\"><i class=\"icon-material\" aria-hidden=\"true\" data-icon=\"arrow_forward\"><\/i><\/a>\n\t\t\t\t<\/div>\n\t\t\t\t\t<\/div>\n\t<\/div>\n\t\t\t\t\t\t\t\t\t\t\t\t\t<\/div>\n\t\t\t\t\t\t\t\t\t\n\t\t\t\t\t\t\t<\/div>\n\n\t\t<\/section>\n\t\n\n\n\t\t\t\t<section id=block_7872dba0e0ee0ce07020db1f52cdaa20 class=\"content-block b-image-text --bg-gray --img-right\">\n\n\t\t\t<div class=\"container\">\n\t\t\t\t\t\t\t\t\t<div class=\"image\"><img loading=\"lazy\" decoding=\"async\" width=\"1136\" height=\"758\" src=\"https:\/\/eduqa.pt\/wp-content\/uploads\/2026\/02\/O-que-mudou-EduQA.png\" class=\"attachment-full size-full\" alt=\"Chart showing the transition of the five entities to EduQA\" srcset=\"https:\/\/eduqa.pt\/wp-content\/uploads\/2026\/02\/O-que-mudou-EduQA.png 1136w, https:\/\/eduqa.pt\/wp-content\/uploads\/2026\/02\/O-que-mudou-EduQA-300x200.png 300w, https:\/\/eduqa.pt\/wp-content\/uploads\/2026\/02\/O-que-mudou-EduQA-1024x683.png 1024w, https:\/\/eduqa.pt\/wp-content\/uploads\/2026\/02\/O-que-mudou-EduQA-768x512.png 768w, https:\/\/eduqa.pt\/wp-content\/uploads\/2026\/02\/O-que-mudou-EduQA-18x12.png 18w\" sizes=\"auto, (max-width: 1136px) 100vw, 1136px\" \/><\/div>\n\t\t\t\t\t\t\t\t<div class=\"info\">\n\t\t\t\t\t\t\t\t\t\t\t<span class=\"caption\">Sobre<\/span>\n\t\t\t\t\t\t\t\t\t\t\t\t\t\t\t\t<h2 class=\"title\">O que mudou<\/h2>\t\t\t\t\t\t\t\t\t\t\t\t\t\t\t\t<div class=\"c-description\"><p>O EduQA, I.P. resulta de um processo de reorganiza\u00e7\u00e3o da Administra\u00e7\u00e3o P\u00fablica, que agregou num \u00fanico organismo compet\u00eancias anteriormente asseguradas por diferentes entidades da \u00e1rea da educa\u00e7\u00e3o, promovendo maior articula\u00e7\u00e3o, efici\u00eancia e coer\u00eancia na implementa\u00e7\u00e3o das pol\u00edticas educativas.<\/p>\n<\/div>\n\t\t\t\t\t\t\t\t\t\t\t\t\t\t<\/div>\n\t\t\t<\/div>\n\n\t\t<\/section>\n\t\n\n\n\t\t\t\t<section id=block_2bc6ec4c9a72b414a7cedff75c355a84 class=\"content-block b-cards-section --bg-white --color-black --row-2-items --cards-info\">\n\n\t\t\t<div class=\"c-section-intro --align-center\">\n\t<div class=\"container\">\n\t\t\t\t\t\t\t<h2 class=\"headline-1\">Documentos e Legisla\u00e7\u00e3o<\/h2>\t\t\t\t\t\t\t<div class=\"text c-description\"><p>Aceda aos principais documentos enquadradores da cria\u00e7\u00e3o, organiza\u00e7\u00e3o\u2028e funcionamento do EduQA, I.P., entre outros.<\/p>\n<\/div>\t<\/div>\n<\/div>\n\n\t\t\t<div class=\"container\">\n\t\t\t\t\t\t\t\t\t\t\t\t\t\t\t\t\t\t\t\t\t\t\t\t\t\t<div class=\"cards-list --align-left --bg-white --border-gray\">\n\t\t\t\t\t\t\t\t\t\t\t\t\t\t\t\t\t\t\t\t\t\t\t<div class=\"c-card-info --has-button\">\n\t\t<div class=\"info\">\n\t\t\t\t\t\t\t<div class=\"icon\"><i class=\"icon-material\" data-icon=\"docs\"><\/i><\/div>\t\t\t<h3 class=\"title\"><span>Ado\u00e7\u00e3o de manuais escolares para o ano letivo de 2026\/2027<\/span><\/h3>\t\t\t\t\t\t\t<div class=\"c-description\">\n\t\t\t\t\t<p>Ado\u00e7\u00e3o de manuais escolares em 2026, com efeitos no ano letivo de 2026\/2027.<\/p>\n\t\t\t\t<\/div>\n\t\t\t\t\t\t\t\t\t\t\t\t\t\t<div class=\"btn-wrapper\">\n\t\t\t\t\t<a href=\"https:\/\/eduqa.pt\/adocao-de-manuais-escolares-para-o-ano-letivo-de-2026-2027\/\" target=\"_blank\" class=\"c-icon-button stretched-link\" title=\"Ir paraIr para Ado\u00e7\u00e3o de manuais escolares para o ano letivo de 2026\/2027\"><i class=\"icon-material\" aria-hidden=\"true\" data-icon=\"arrow_forward\"><\/i><\/a>\n\t\t\t\t<\/div>\n\t\t\t\t\t<\/div>\n\t<\/div>\n\t\t\t\t\t\t\t\t\t\t\t\t\t\t\t\t\t\t\t\t\t\t\t\t<div class=\"c-card-info --has-button\">\n\t\t<div class=\"info\">\n\t\t\t\t\t\t\t<div class=\"icon\"><i class=\"icon-material\" data-icon=\"news\"><\/i><\/div>\t\t\t<h3 class=\"title\"><span>Clubes de Leitura nas Escolas (CLE) e 10 Minutos a Ler \u2013 Candidaturas 2026\/2027<\/span><\/h3>\t\t\t\t\t\t\t<div class=\"c-description\">\n\t\t\t\t\t<p>O Plano Nacional de Leitura dirige, mais uma vez, dois desafios aos Agrupamentos de Escolas\/ Escolas N\u00e3o Agrupadas (AE\/ENA), propondo-lhes a cria\u00e7\u00e3o de Clubes de Leitura nas Escolas e a ades\u00e3o ao projeto 10 Minutos a Ler.<\/p>\n\t\t\t\t<\/div>\n\t\t\t\t\t\t\t\t\t\t\t\t\t\t<div class=\"btn-wrapper\">\n\t\t\t\t\t<a href=\"https:\/\/eduqa.pt\/wp-content\/uploads\/2026\/05\/Candidaturas_10Min_CLE_2026.pdf\" target=\"_blank\" class=\"c-icon-button stretched-link\" title=\"Ir paraIr para Clubes de Leitura nas Escolas (CLE) e 10 Minutos a Ler \u2013 Candidaturas 2026\/2027\"><i class=\"icon-material\" aria-hidden=\"true\" data-icon=\"arrow_forward\"><\/i><\/a>\n\t\t\t\t<\/div>\n\t\t\t\t\t<\/div>\n\t<\/div>\n\t\t\t\t\t\t\t\t\t\t\t\t\t\t\t\t\t\t\t\t\t<\/div>\n\t\t\t\t\t\t\t\t\t\n\t\t\t\t\t\t\t\t\t<div class=\"btn-wrapper\"><a class=\"c-button --brand\" href=\"\/documentos\/\" target=\"_self\">Consultar todos os documentos<\/a><\/div>\n\t\t\t\t\t\t\t<\/div>\n\n\t\t<\/section>\n\t\n\n\n\t\t\t\t<section id=block_7bc4e873970fe91e4575e8e18080b77c class=\"content-block b-news --bg-gray\">\n\n\t\t\t<div class=\"c-section-intro --align-center\">\n\t<div class=\"container\">\n\t\t\t\t\t<span class=\"caption\">ATUALIDADE<\/span>\t\t\t\t\t<h2 class=\"headline-1\">Avisos e Not\u00edcias<\/h2>\t\t\t\t\t<\/div>\n<\/div>\n\n\t\t\t\n\t\t\t\t\t\t\t<div class=\"container\">\n\t\t\t\t\t<div class=\"news-list\">\n\t\t\t\t\t\t\t\t\t\t\t\t\t<div class=\"c-news-item\">\n\t<div id=\"TranslatedTitle\" style=\"display: none;\">\n\t\t&lt;span data-no-translation&gt;Instituto de Educa\u00e7\u00e3o, Qualidade e Avalia\u00e7\u00e3o, I.P.&lt;\/span&gt;\t<\/div>\n\n\t\n\t\t\t<div class=\"image\"><img loading=\"lazy\" decoding=\"async\" width=\"1\" height=\"1\" src=\"https:\/\/eduqa.pt\/wp-content\/uploads\/2026\/02\/EduQA_Cards.svg\" class=\"attachment-card-thumb size-card-thumb\" alt=\"Imagem Cards\" \/><\/div>\t<div class=\"info\">\n\t\t\t\t<span class=\"date\">30 Apr 2026<\/span>\n\t\t<h3 class=\"title\"><span>Instituto de Educa\u00e7\u00e3o, Qualidade e Avalia\u00e7\u00e3o, I.P.<\/span><\/h3>\t\t\t\t\t<div class=\"c-description\">\n\t\t\t\t<p>Convite p\u00fablico \u00e0 manifesta\u00e7\u00e3o de interesse para o desempenho de fun\u00e7\u00f5es no Conselho Diretivo do EduQA, I.P. Para os efeitos do disposto no n.\u00ba 2 do artigo 7.\u00ba da Org\u00e2nica do EduQA, I.P., aprovada pelo Decreto-Lei n.\u00ba 105\/2025, de 12 de setembro, e ao abrigo da al\u00ednea a) do artigo 13.\u00ba, o Conselho Geral convida [&hellip;]<\/p>\t\t\t<\/div>\n\t\t\t\t\t\t<div class=\"btn-wrapper\"><a href=\"https:\/\/eduqa.pt\/en\/instituto-de-educacao-qualidade-e-avaliacao-i-p\/\" class=\"c-icon-button\" title=\"Ir para Instituto de Educa\u00e7\u00e3o, Qualidade e Avalia\u00e7\u00e3o, I.P.\"><i class=\"icon-material\" aria-hidden=\"true\" data-icon=\"arrow_forward\"><\/i><\/a><\/div>\n\t<\/div>\n<\/div>\n\t\t\t\t\t\t\t\t\t\t\t\t\t<div class=\"c-news-item\">\n\t<div id=\"TranslatedTitle\" style=\"display: none;\">\n\t\t&lt;span data-no-translation&gt;Ado\u00e7\u00e3o de manuais escolares para o ano letivo de 2026\/2027&lt;\/span&gt;\t<\/div>\n\n\t\n\t\t\t<div class=\"image\"><img loading=\"lazy\" decoding=\"async\" width=\"600\" height=\"396\" src=\"https:\/\/eduqa.pt\/wp-content\/uploads\/2026\/05\/AdocaoManuais-1-600x396.jpg\" class=\"attachment-card-thumb size-card-thumb\" alt=\"Ado\u00e7\u00e3oManuais\" \/><\/div>\t<div class=\"info\">\n\t\t\t\t<span class=\"date\">11 May 2026<\/span>\n\t\t<h3 class=\"title\"><span>Ado\u00e7\u00e3o de manuais escolares para o ano letivo de 2026\/2027<\/span><\/h3>\t\t\t\t\t<div class=\"c-description\">\n\t\t\t\t<p>Cursos cient\u00edfico-human\u00edsticos do Ensino Secund\u00e1rio e Cursos Profissionais Per\u00edodo de aprecia\u00e7\u00e3o, sele\u00e7\u00e3o e ado\u00e7\u00e3o \u2013 18 de maio a 12 de junho de 2026. Per\u00edodo de registo on-line do resultado da aprecia\u00e7\u00e3o, sele\u00e7\u00e3o e ado\u00e7\u00e3o \u2013 1 a 26 de junho de 2026. Ado\u00e7\u00e3o de manuais escolares em 2026, com efeitos no ano letivo de [&hellip;]<\/p>\t\t\t<\/div>\n\t\t\t\t\t\t<div class=\"btn-wrapper\"><a href=\"https:\/\/eduqa.pt\/en\/adocao-de-manuais-escolares-para-o-ano-letivo-de-2026-2027\/\" class=\"c-icon-button\" title=\"Ir para Ado\u00e7\u00e3o de manuais escolares para o ano letivo de 2026\/2027\"><i class=\"icon-material\" aria-hidden=\"true\" data-icon=\"arrow_forward\"><\/i><\/a><\/div>\n\t<\/div>\n<\/div>\n\t\t\t\t\t\t\t\t\t\t\t\t\t<div class=\"c-news-item\">\n\t<div id=\"TranslatedTitle\" style=\"display: none;\">\n\t\t&lt;span data-no-translation&gt;Nova e gratuita biblioteca digital de conte\u00fados educativos&lt;\/span&gt;\t<\/div>\n\n\t\n\t\t\t<div class=\"image\"><img loading=\"lazy\" decoding=\"async\" width=\"600\" height=\"394\" src=\"https:\/\/eduqa.pt\/wp-content\/uploads\/2026\/05\/Divulgacao-biblioteca-digital-600x394.png\" class=\"attachment-card-thumb size-card-thumb\" alt=\"Divulga\u00e7ao biblioteca digital\" \/><\/div>\t<div class=\"info\">\n\t\t\t\t<span class=\"date\">11 May 2026<\/span>\n\t\t<h3 class=\"title\"><span>Nova e gratuita biblioteca digital de conte\u00fados educativos<\/span><\/h3>\t\t\t\t\t<div class=\"c-description\">\n\t\t\t\t<p>Conte\u00fados educativos digitais para apoiar o estudo aut\u00f3nomo de alunos do ensino secund\u00e1rio Com o objetivo de promover o estudo aut\u00f3nomo, cri\u00e1mos uma Biblioteca Digital que re\u00fane um vasto conjunto de conte\u00fados educativos digitais organizados por disciplina, acess\u00edveis de forma simples e gratuita. Um \u00fanico link permite o acesso a conte\u00fados diversificados, incluindo ebooks, roteiros [&hellip;]<\/p>\t\t\t<\/div>\n\t\t\t\t\t\t<div class=\"btn-wrapper\"><a href=\"https:\/\/eduqa.pt\/en\/nova-e-gratuita-biblioteca-digital-de-conteudos-educativos\/\" class=\"c-icon-button\" title=\"Ir para Nova e gratuita biblioteca digital de conte\u00fados educativos\"><i class=\"icon-material\" aria-hidden=\"true\" data-icon=\"arrow_forward\"><\/i><\/a><\/div>\n\t<\/div>\n<\/div>\n\t\t\t\t\t\t\t\t\t\t\t<\/div>\n\t\t\t\t<\/div>\n\t\t\t\n\t\t<\/section>\n\t\n","protected":false},"excerpt":{"rendered":"","protected":false},"author":2,"featured_media":0,"parent":0,"menu_order":0,"comment_status":"closed","ping_status":"closed","template":"","meta":{"_acf_changed":false,"footnotes":""},"class_list":["post-1367","page","type-page","status-publish","hentry"],"acf":[],"yoast_head":"<!-- This site is optimized with the Yoast SEO plugin v27.5 - https:\/\/yoast.com\/product\/yoast-seo-wordpress\/ -->\n<title>Homepage - EduQA<\/title>\n<meta name=\"robots\" content=\"index, follow, max-snippet:-1, max-image-preview:large, max-video-preview:-1\" \/>\n<link rel=\"canonical\" href=\"https:\/\/eduqa.pt\/en\/\" \/>\n<meta property=\"og:locale\" content=\"en_GB\" \/>\n<meta property=\"og:type\" content=\"article\" \/>\n<meta property=\"og:title\" content=\"Homepage - EduQA\" \/>\n<meta property=\"og:url\" content=\"https:\/\/eduqa.pt\/en\/\" \/>\n<meta property=\"og:site_name\" content=\"EduQA\" \/>\n<meta property=\"article:modified_time\" content=\"2026-05-11T14:48:25+00:00\" \/>\n<meta name=\"twitter:card\" content=\"summary_large_image\" \/>\n<script type=\"application\/ld+json\" class=\"yoast-schema-graph\">{\"@context\":\"https:\\\/\\\/schema.org\",\"@graph\":[{\"@type\":\"WebPage\",\"@id\":\"https:\\\/\\\/eduqa.pt\\\/\",\"url\":\"https:\\\/\\\/eduqa.pt\\\/\",\"name\":\"Homepage - EduQA\",\"isPartOf\":{\"@id\":\"https:\\\/\\\/dev.eduqa.pt\\\/#website\"},\"datePublished\":\"2025-10-23T08:04:45+00:00\",\"dateModified\":\"2026-05-11T14:48:25+00:00\",\"breadcrumb\":{\"@id\":\"https:\\\/\\\/eduqa.pt\\\/#breadcrumb\"},\"inLanguage\":\"en-GB\",\"potentialAction\":[{\"@type\":\"ReadAction\",\"target\":[\"https:\\\/\\\/eduqa.pt\\\/\"]}]},{\"@type\":\"BreadcrumbList\",\"@id\":\"https:\\\/\\\/eduqa.pt\\\/#breadcrumb\",\"itemListElement\":[{\"@type\":\"ListItem\",\"position\":1,\"name\":\"Home\",\"item\":\"https:\\\/\\\/eduqa.pt\\\/\"},{\"@type\":\"ListItem\",\"position\":2,\"name\":\"Homepage\"}]},{\"@type\":\"WebSite\",\"@id\":\"https:\\\/\\\/dev.eduqa.pt\\\/#website\",\"url\":\"https:\\\/\\\/dev.eduqa.pt\\\/\",\"name\":\"EduQA\",\"description\":\"Instituto de Educa\u00e7\u00e3o, Qualidade e Avalia\u00e7\u00e3o\",\"potentialAction\":[{\"@type\":\"SearchAction\",\"target\":{\"@type\":\"EntryPoint\",\"urlTemplate\":\"https:\\\/\\\/dev.eduqa.pt\\\/?s={search_term_string}\"},\"query-input\":{\"@type\":\"PropertyValueSpecification\",\"valueRequired\":true,\"valueName\":\"search_term_string\"}}],\"inLanguage\":\"en-GB\"}]}<\/script>\n<!-- \/ Yoast SEO plugin. -->","yoast_head_json":{"title":"Homepage - EduQA","robots":{"index":"index","follow":"follow","max-snippet":"max-snippet:-1","max-image-preview":"max-image-preview:large","max-video-preview":"max-video-preview:-1"},"canonical":"https:\/\/eduqa.pt\/en\/","og_locale":"en_GB","og_type":"article","og_title":"Homepage - EduQA","og_url":"https:\/\/eduqa.pt\/en\/","og_site_name":"EduQA","article_modified_time":"2026-05-11T14:48:25+00:00","twitter_card":"summary_large_image","schema":{"@context":"https:\/\/schema.org","@graph":[{"@type":"WebPage","@id":"https:\/\/eduqa.pt\/","url":"https:\/\/eduqa.pt\/","name":"Homepage - EduQA","isPartOf":{"@id":"https:\/\/dev.eduqa.pt\/#website"},"datePublished":"2025-10-23T08:04:45+00:00","dateModified":"2026-05-11T14:48:25+00:00","breadcrumb":{"@id":"https:\/\/eduqa.pt\/#breadcrumb"},"inLanguage":"en-GB","potentialAction":[{"@type":"ReadAction","target":["https:\/\/eduqa.pt\/"]}]},{"@type":"BreadcrumbList","@id":"https:\/\/eduqa.pt\/#breadcrumb","itemListElement":[{"@type":"ListItem","position":1,"name":"Home","item":"https:\/\/eduqa.pt\/"},{"@type":"ListItem","position":2,"name":"Homepage"}]},{"@type":"WebSite","@id":"https:\/\/dev.eduqa.pt\/#website","url":"https:\/\/dev.eduqa.pt\/","name":"EduQA","description":"Institute of Education, Quality and Evaluation","potentialAction":[{"@type":"SearchAction","target":{"@type":"EntryPoint","urlTemplate":"https:\/\/dev.eduqa.pt\/?s={search_term_string}"},"query-input":{"@type":"PropertyValueSpecification","valueRequired":true,"valueName":"search_term_string"}}],"inLanguage":"en-GB"}]}},"_links":{"self":[{"href":"https:\/\/eduqa.pt\/en\/wp-json\/wp\/v2\/pages\/1367","targetHints":{"allow":["GET"]}}],"collection":[{"href":"https:\/\/eduqa.pt\/en\/wp-json\/wp\/v2\/pages"}],"about":[{"href":"https:\/\/eduqa.pt\/en\/wp-json\/wp\/v2\/types\/page"}],"author":[{"embeddable":true,"href":"https:\/\/eduqa.pt\/en\/wp-json\/wp\/v2\/users\/2"}],"replies":[{"embeddable":true,"href":"https:\/\/eduqa.pt\/en\/wp-json\/wp\/v2\/comments?post=1367"}],"version-history":[{"count":130,"href":"https:\/\/eduqa.pt\/en\/wp-json\/wp\/v2\/pages\/1367\/revisions"}],"predecessor-version":[{"id":4029,"href":"https:\/\/eduqa.pt\/en\/wp-json\/wp\/v2\/pages\/1367\/revisions\/4029"}],"wp:attachment":[{"href":"https:\/\/eduqa.pt\/en\/wp-json\/wp\/v2\/media?parent=1367"}],"curies":[{"name":"wp","href":"https:\/\/api.w.org\/{rel}","templated":true}]}}